{"id":15547,"date":"2017-08-25T05:00:32","date_gmt":"2017-08-25T05:00:32","guid":{"rendered":"http:\/\/edition.surfiran.com\/trusted\/"},"modified":"2019-03-06T13:06:03","modified_gmt":"2019-03-06T13:06:03","slug":"de-confiance","status":"publish","type":"page","link":"https:\/\/surfiran.com\/fr\/de-confiance\/","title":{"rendered":"DE CONFIANCE"},"content":{"rendered":"\n<style type=\"text\/css\" data-created_by=\"avia_inline_auto\" id=\"style-css-av-2v8owl8-24e20689c0b264b8554302f64c8c7e07\">\n.avia-section.av-2v8owl8-24e20689c0b264b8554302f64c8c7e07{\nbackground-repeat:no-repeat;\nbackground-image:url(https:\/\/surfiran.com\/fr\/wp-content\/uploads\/2016\/03\/travel-banner-3-1.jpg);\nbackground-position:50% 50%;\nbackground-attachment:scroll;\n}\n.avia-section.av-2v8owl8-24e20689c0b264b8554302f64c8c7e07 .av-section-color-overlay{\nopacity:0.4;\nbackground-color:#000000;\n}\n<\/style>\n<div id='av_section_1'  class='avia-section av-2v8owl8-24e20689c0b264b8554302f64c8c7e07 main_color avia-section-large avia-no-border-styling  avia-builder-el-0  el_before_av_heading  avia-builder-el-first  avia-full-stretch avia-bg-style-scroll av-section-color-overlay-active container_wrap fullsize'  data-section-bg-repeat='stretch'><div class=\"av-section-color-overlay-wrap\"><div class=\"av-section-color-overlay\"><\/div><div class='container av-section-cont-open' ><main  role=\"main\" itemprop=\"mainContentOfPage\"  class='template-page content  av-content-full alpha units'><div class='post-entry post-entry-type-page post-entry-15547'><div class='entry-content-wrapper clearfix'>\n\n<style type=\"text\/css\" data-created_by=\"avia_inline_auto\" id=\"style-css-av-8x9tmk-2048950d55d290ad69e527b10e16a230\">\n#top .av-special-heading.av-8x9tmk-2048950d55d290ad69e527b10e16a230{\npadding-bottom:10px;\ncolor:#ffffff;\nfont-size:70px;\n}\nbody .av-special-heading.av-8x9tmk-2048950d55d290ad69e527b10e16a230 .av-special-heading-tag .heading-char{\nfont-size:25px;\n}\n#top #wrap_all .av-special-heading.av-8x9tmk-2048950d55d290ad69e527b10e16a230 .av-special-heading-tag{\nfont-size:70px;\n}\n.av-special-heading.av-8x9tmk-2048950d55d290ad69e527b10e16a230 .special-heading-inner-border{\nborder-color:#ffffff;\n}\n.av-special-heading.av-8x9tmk-2048950d55d290ad69e527b10e16a230 .av-subheading{\nfont-size:15px;\n}\n\n@media only screen and (min-width: 480px) and (max-width: 767px){ \n#top #wrap_all .av-special-heading.av-8x9tmk-2048950d55d290ad69e527b10e16a230 .av-special-heading-tag{\nfont-size:0.8em;\n}\n}\n\n@media only screen and (max-width: 479px){ \n#top #wrap_all .av-special-heading.av-8x9tmk-2048950d55d290ad69e527b10e16a230 .av-special-heading-tag{\nfont-size:0.8em;\n}\n}\n<\/style>\n<div  class='av-special-heading av-8x9tmk-2048950d55d290ad69e527b10e16a230 av-special-heading-h6 custom-color-heading blockquote modern-quote modern-centered  avia-builder-el-1  avia-builder-el-no-sibling  av-inherit-size'><h6 class='av-special-heading-tag '  itemprop=\"headline\"  >DE CONFIANCE<\/h6><div class=\"special-heading-border\"><div class=\"special-heading-inner-border\"><\/div><\/div><\/div>\n<\/div><\/div><\/main><!-- close content main element --><\/div><\/div><\/div><div id='after_section_1'  class='main_color av_default_container_wrap container_wrap fullsize'  ><div class='container av-section-cont-open' ><div class='template-page content  av-content-full alpha units'><div class='post-entry post-entry-type-page post-entry-15547'><div class='entry-content-wrapper clearfix'>\n\n<style type=\"text\/css\" data-created_by=\"avia_inline_auto\" id=\"style-css-av-av_heading-0af4a6c66337ade43037981026152305\">\n#top .av-special-heading.av-av_heading-0af4a6c66337ade43037981026152305{\npadding-bottom:10px;\n}\nbody .av-special-heading.av-av_heading-0af4a6c66337ade43037981026152305 .av-special-heading-tag .heading-char{\nfont-size:25px;\n}\n.av-special-heading.av-av_heading-0af4a6c66337ade43037981026152305 .av-subheading{\nfont-size:15px;\n}\n<\/style>\n<div  class='av-special-heading av-av_heading-0af4a6c66337ade43037981026152305 av-special-heading-h2 blockquote modern-quote modern-centered  avia-builder-el-2  el_after_av_section  el_before_av_section  avia-builder-el-no-sibling '><h2 class='av-special-heading-tag '  itemprop=\"headline\"  >DE CONFIANCE<\/h2><div class=\"special-heading-border\"><div class=\"special-heading-inner-border\"><\/div><\/div><\/div>\n<\/div><\/div><\/div><!-- close content main div --><\/div><\/div>\n<style type=\"text\/css\" data-created_by=\"avia_inline_auto\" id=\"style-css-av-1pn9l0c-30acb2179ad1022a0f1b7c39a809633f\">\n.avia-section.av-1pn9l0c-30acb2179ad1022a0f1b7c39a809633f{\nbackground-color:#f9f9f9;\nbackground-image:unset;\n}\n<\/style>\n<div id='av_section_2'  class='avia-section av-1pn9l0c-30acb2179ad1022a0f1b7c39a809633f main_color avia-section-large avia-no-border-styling  avia-builder-el-3  el_after_av_heading  el_before_av_hr  avia-bg-style-scroll container_wrap fullsize'  ><div class='container av-section-cont-open' ><div class='template-page content  av-content-full alpha units'><div class='post-entry post-entry-type-page post-entry-15547'><div class='entry-content-wrapper clearfix'>\n<section  class='av_textblock_section av-131oqv0-e14ae6ecd859fa2a231cadee65b75add '   itemscope=\"itemscope\" itemtype=\"https:\/\/schema.org\/CreativeWork\" ><div class='avia_textblock'  itemprop=\"text\" ><div class=\"flex_column_table av-equal-height-column-flextable -flextable\">\n<div class=\"flex_column av_one_full no_margin flex_column_table_cell av-equal-height-column av-align-top first avia-builder-el-4 el_before_av_heading avia-builder-el-first \">\n<section class=\"av_textblock_section \">\n<div class=\"avia_textblock \">\n<h3>Plus de 15 ans d&#8217;exp\u00e9rience de premi\u00e8re main<\/h3>\n<p>Nous avons une connaissance intime du Moyen-Orient et de l&#8217;Iran. Nous connaissons les routes, les sites touristiques, la culture, les gens, les saisons et bien plus encore.<\/p>\n<p>Nous savons o\u00f9 trouver les meilleurs restaurants, qui sont les meilleurs guides locaux dans chaque r\u00e9gion, les voyagistes locaux qui fournissent le meilleur service et qui entretiennent des relations \u00e9troites avec les agences locales, ce qui nous permet de rester constamment inform\u00e9s des changements de la situation locale.<\/p>\n<p>Nous avons d\u00e9velopp\u00e9 une telle passion pour l&#8217;Iran, ses paysages, son peuple et sa culture, que nous souhaitons partager avec vous toutes les beaut\u00e9s et les merveilles de ce continent fantastique.<\/p>\n<h3>Forte orientation client<\/h3>\n<p>SURFIRAN est n\u00e9 pour fournir un voyage organis\u00e9 enti\u00e8rement \u00e9quip\u00e9, offrant ainsi plus de temps aux clients pour profiter de la beaut\u00e9 de l\u2019Iran. Nous n&#8217;utilisons que de bons h\u00f4tels de classe touriste centrale et, lors du camping, nous avons deux membres d&#8217;\u00e9quipage suppl\u00e9mentaires qui conduisent pour installer des tentes de plain-pied, avec la literie appropri\u00e9e et qui pr\u00e9parent tous les repas, s&#8217;occupent du nettoyage et des autres t\u00e2ches du camp.<\/p>\n<p>Nos circuits sont presque toutes inclusives, y compris les activit\u00e9s, les entr\u00e9es du parc et les repas, comme indiqu\u00e9 dans nos itin\u00e9raires, \u00e9liminant ainsi les co\u00fbts cach\u00e9s.<\/p>\n<p>En voyageant par voie terrestre, nous avons l&#8217;occasion de vraiment conna\u00eetre chaque pays que nous visitons et de visiter des r\u00e9gions isol\u00e9es, plus recul\u00e9es, tout en visitant les principales attractions du parcours.<\/p>\n<h3>Sp\u00e9cialiste SURFIRAN Travel<\/h3>\n<p>SURFIRAN est une agence de voyage sp\u00e9cialis\u00e9e en Iran.<\/p>\n<p>De nombreuses autres entreprises proposent des circuits dans plusieurs r\u00e9gions du monde. Le monde est tr\u00e8s vaste et avec une telle gamme de produits, il est tr\u00e8s difficile de maintenir des niveaux de service et de connaissances locales \u00e9lev\u00e9s tout en offrant une touche personnelle et une forte orientation client.<\/p>\n<p>Nous ne promettons pas \u00e0 nos clients le monde entier, seulement le meilleur de l&#8217;Iran! Nous nous concentrons sur vous et votre exp\u00e9rience au Moyen-Orient.<\/p>\n<h3>Nous n&#8217;utilisons que des op\u00e9rateurs locaux professionnels<\/h3>\n<p>Tout au long de nos circuits, il est souvent n\u00e9cessaire de faire appel aux services d\u2019op\u00e9rateurs locaux pour assurer diverses activit\u00e9s touristiques et des services de guidage. Nos op\u00e9rateurs locaux sont soigneusement s\u00e9lectionn\u00e9s en fonction de nombreux facteurs.<\/p>\n<p>Ceux-ci incluent le niveau de service fourni, les normes de qualit\u00e9 et de s\u00e9curit\u00e9 de tout \u00e9quipement fourni, le niveau de certification et de licences d\u00e9tenues par les fournisseurs, ainsi que les assurances que ces op\u00e9rateurs poss\u00e8dent.<\/p>\n<p>Un autre aspect important pour nous est la mani\u00e8re dont ces op\u00e9rateurs se comportent en mati\u00e8re de respect des cultures locales et de l&#8217;environnement.<\/p>\n<\/div>\n<\/section>\n<\/div>\n<\/div>\n<\/div><\/section>\n<\/div><\/div><\/div><!-- close content main div --><\/div><\/div><div id='after_section_2'  class='main_color av_default_container_wrap container_wrap fullsize'  ><div class='container av-section-cont-open' ><div class='template-page content  av-content-full alpha units'><div class='post-entry post-entry-type-page post-entry-15547'><div class='entry-content-wrapper clearfix'><div  class='hr av-vgy2n0-4112ed8fd18ffd196fe2943937436776 hr-short  avia-builder-el-5  el_after_av_section  avia-builder-el-no-sibling  hr-center'><span class='hr-inner '><span class=\"hr-inner-style\"><\/span><\/span><\/div><\/p>\n","protected":false},"excerpt":{"rendered":"","protected":false},"author":1,"featured_media":15548,"parent":0,"menu_order":0,"comment_status":"closed","ping_status":"closed","template":"","meta":{"footnotes":""},"class_list":["post-15547","page","type-page","status-publish","has-post-thumbnail","hentry"],"_links":{"self":[{"href":"https:\/\/surfiran.com\/fr\/wp-json\/wp\/v2\/pages\/15547","targetHints":{"allow":["GET"]}}],"collection":[{"href":"https:\/\/surfiran.com\/fr\/wp-json\/wp\/v2\/pages"}],"about":[{"href":"https:\/\/surfiran.com\/fr\/wp-json\/wp\/v2\/types\/page"}],"author":[{"embeddable":true,"href":"https:\/\/surfiran.com\/fr\/wp-json\/wp\/v2\/users\/1"}],"replies":[{"embeddable":true,"href":"https:\/\/surfiran.com\/fr\/wp-json\/wp\/v2\/comments?post=15547"}],"version-history":[{"count":0,"href":"https:\/\/surfiran.com\/fr\/wp-json\/wp\/v2\/pages\/15547\/revisions"}],"wp:featuredmedia":[{"embeddable":true,"href":"https:\/\/surfiran.com\/fr\/wp-json\/wp\/v2\/media\/15548"}],"wp:attachment":[{"href":"https:\/\/surfiran.com\/fr\/wp-json\/wp\/v2\/media?parent=15547"}],"curies":[{"name":"wp","href":"https:\/\/api.w.org\/{rel}","templated":true}]}}