{"id":24772,"date":"2024-08-28T17:36:06","date_gmt":"2024-08-28T17:36:06","guid":{"rendered":"https:\/\/surfiran.com\/fr\/?page_id=24772"},"modified":"2024-08-28T17:36:06","modified_gmt":"2024-08-28T17:36:06","slug":"politique-de-voyage-responsable-de-surfiran","status":"publish","type":"page","link":"https:\/\/surfiran.com\/fr\/politique-de-voyage-responsable-de-surfiran\/","title":{"rendered":"Politique de Voyage Responsable de SURFIRAN"},"content":{"rendered":"<p>SURFIRAN pr\u00e9sente sa Politique de Voyage Responsable. Voyager de mani\u00e8re responsable signifie adopter une attitude respectueuse et faire des choix qui b\u00e9n\u00e9ficient \u00e0 la population locale et \u00e0 sa culture. Nos circuits ne sont pas seulement riches et int\u00e9ressants, mais apportent \u00e9galement des b\u00e9n\u00e9fices \u00e0 l&#8217;environnement et aux communaut\u00e9s locales. Nous nous effor\u00e7ons de pr\u00e9server l&#8217;unicit\u00e9 des lieux fragiles et des petites communaut\u00e9s tout en minimisant l&#8217;impact n\u00e9gatif du tourisme sur les environnements naturels et culturels locaux.<\/p>\n<p>Nous visons \u00e0 cr\u00e9er de meilleures exp\u00e9riences de voyage pour nos clients et croyons que les communaut\u00e9s locales peuvent tirer de nombreux avantages du tourisme responsable. Nous aidons les communaut\u00e9s avec lesquelles nous collaborons afin qu&#8217;elles puissent g\u00e9n\u00e9rer des revenus.<\/p>\n<p>Nous savons que le tourisme peut avoir un impact exceptionnellement positif, mais aussi potentiellement n\u00e9gatif sur les communaut\u00e9s locales. C&#8217;est pourquoi nous nous engageons \u00e0 respecter nos lignes directrices en mati\u00e8re de voyage responsable et esp\u00e9rons ainsi faire une diff\u00e9rence.<\/p>\n<h3>Responsabilit\u00e9 Environnementale<\/h3>\n<p>SURFIRAN vise \u00e0 limiter son impact sur l&#8217;environnement de plusieurs mani\u00e8res. Lors de nos circuits, nous nous effor\u00e7ons de pr\u00e9server et prot\u00e9ger les \u00e9cosyst\u00e8mes d\u00e9licats, la faune et les habitats naturels en suivant des r\u00e8gles strictes qui minimisent les effets de notre pr\u00e9sence dans une zone.<\/p>\n<p>Nous nous engageons \u00e0 pr\u00e9server et am\u00e9liorer les environnements dans lesquels nous op\u00e9rons, et collaborons avec tous les organismes et autorit\u00e9s locales pertinents pour aider \u00e0 pr\u00e9server ou am\u00e9liorer l&#8217;environnement, apportant ainsi un b\u00e9n\u00e9fice \u00e0 long terme pour la communaut\u00e9 h\u00f4te.<\/p>\n<p>Dans la mesure du possible, nous choisissons des fournisseurs qui adoptent des pratiques \u00e9cologiques.<\/p>\n<p>Nous tentons de r\u00e9duire l&#8217;utilisation des bouteilles d&#8217;eau en plastique \u00e0 usage unique en fournissant des gourdes et en encourageant activement nos clients \u00e0 les utiliser.<\/p>\n<p>Nous ne laissons aucun d\u00e9chet plastique, canettes, bouteilles, bouchons ou m\u00e9gots de cigarettes derri\u00e8re nous.<\/p>\n<h3>Responsabilit\u00e9 \u00c9conomique<\/h3>\n<p>Nous employons des citoyens locaux pour g\u00e9rer nos op\u00e9rations.<\/p>\n<p>Nous soutenons le tourisme local dans les r\u00e9gions o\u00f9 il existe, comme le tourisme rural ou les visites historiques.<\/p>\n<p>Nous encourageons nos clients \u00e0 acheter des produits fabriqu\u00e9s localement et des objets artisanaux dans les boutiques locales, qui servent de souvenirs uniques.<\/p>\n<p>Nous veillons \u00e0 ce que les \u00e9conomies locales b\u00e9n\u00e9ficient de notre activit\u00e9 en utilisant des h\u00e9bergements locaux, en employant des guides locaux sp\u00e9cialis\u00e9s, en travaillant avec des op\u00e9rateurs et des fournisseurs locaux, en s&#8217;approvisionnant en nourriture aupr\u00e8s de magasins locaux et en mangeant et buvant dans des bars et restaurants locaux. Cet investissement soutient non seulement les communaut\u00e9s locales, mais offre \u00e9galement \u00e0 nos voyageurs une compr\u00e9hension authentique d&#8217;un pays et de ses habitants.<\/p>\n<h3>Responsabilit\u00e9 Sociale<\/h3>\n<p>Nous travaillons avec des agents locaux qui sont poss\u00e9d\u00e9s, g\u00e9r\u00e9s et employ\u00e9s localement et, dans la mesure du possible, essayons de s\u00e9journer dans des h\u00f4tels et lodges locaux. Les agents sur le terrain paient un salaire \u00e9quitable aux employ\u00e9s et fournissent une formation r\u00e9guli\u00e8re pour soutenir leur d\u00e9veloppement futur. Cela garantit que tous les salaires pay\u00e9s aux employ\u00e9s g\u00e9n\u00e9r\u00e9s par notre partenariat restent dans leur propre communaut\u00e9 et sont d\u00e9pens\u00e9s par eux comme ils le souhaitent.<\/p>\n<p>Nous nous effor\u00e7ons de produire des exp\u00e9riences authentiques lors de nos voyages afin que les invit\u00e9s des pays puissent apprendre des communaut\u00e9s et des cultures qu&#8217;ils visitent, au b\u00e9n\u00e9fice des locaux comme des visiteurs. Nous encourageons tous les visiteurs \u00e0 respecter les coutumes et religions locales : \u00e0 travers des interactions positives avec les communaut\u00e9s locales, cela g\u00e9n\u00e8re non seulement un respect mutuel entre les cultures, mais contribue \u00e9galement \u00e0 une exp\u00e9rience plus enrichissante pour les visiteurs et les locaux.<\/p>\n<p>Nombre de nos circuits offrent la possibilit\u00e9 de visiter des sites anciens tels que des sites du patrimoine mondial de l&#8217;UNESCO, o\u00f9 nos frais d&#8217;entr\u00e9e contribuent \u00e0 l&#8217;entretien et \u00e0 la restauration de ces lieux uniques.<\/p>\n<p>Nous pensons que la d\u00e9tente est importante pour chaque vacances, mais en tant qu&#8217;\u00eatres humains, nous devons respecter nos semblables. Nous encourageons nos clients \u00e0 avoir un impact positif sur leurs destinations. Pour chaque circuit, nos guides touristiques fournissent des briefings mettant en lumi\u00e8re les sensibilit\u00e9s culturelles.<\/p>\n<p>Nous consid\u00e9rons \u00e9galement l&#8217;\u00e9thique comme une part importante de notre recherche. Nous valorisons les commentaires sur nos politiques et encourageons nos clients \u00e0 commenter nos pratiques responsables.<\/p>\n<h3>Politique de Corrections<\/h3>\n<p>Chez SURFIRAN, nous nous engageons \u00e0 maintenir la transparence et la responsabilit\u00e9 dans toutes nos pratiques. Si nous identifions ou sommes inform\u00e9s d&#8217;erreurs ou d&#8217;inexactitudes dans notre contenu, communication ou activit\u00e9s, nous les enqu\u00eatons et les traitons rapidement. Nous corrigeons les erreurs de mani\u00e8re rapide et ouverte et sommes d\u00e9termin\u00e9s \u00e0 veiller \u00e0 ce que nos actions refl\u00e8tent notre engagement envers le tourisme responsable.<\/p>\n<h3>Politique \u00c9thique<\/h3>\n<p>Notre engagement envers le tourisme \u00e9thique est in\u00e9branlable. Nous menons nos op\u00e9rations avec int\u00e9grit\u00e9, \u00e9quit\u00e9 et respect envers tous les acteurs concern\u00e9s. Nous adh\u00e9rons aux normes les plus \u00e9lev\u00e9es de conduite dans tous les aspects de notre activit\u00e9, de nos interactions avec les communaut\u00e9s locales \u00e0 nos relations avec les clients, partenaires et fournisseurs. Nous ne tol\u00e9rons aucune forme de discrimination, d&#8217;exploitation ou de comportement non \u00e9thique et promouvons activement les pratiques \u00e9thiques au sein de notre organisation.<\/p>\n<h3>Politique de Diversit\u00e9<\/h3>\n<p>SURFIRAN valorise la diversit\u00e9 et l&#8217;inclusivit\u00e9 dans toutes nos op\u00e9rations. Nous nous effor\u00e7ons de cr\u00e9er un environnement qui respecte et embrasse diff\u00e9rentes cultures, perspectives et origines. Nos circuits et op\u00e9rations visent \u00e0 refl\u00e9ter cette diversit\u00e9, en favorisant la compr\u00e9hension et l&#8217;appr\u00e9ciation des diff\u00e9rentes communaut\u00e9s et cultures. Nous encourageons nos voyageurs \u00e0 interagir de mani\u00e8re respectueuse et r\u00e9fl\u00e9chie avec les communaut\u00e9s locales et leurs traditions uniques.<\/p>\n<h3>Rapport sur la Diversit\u00e9 du Personnel<\/h3>\n<p>Nous croyons qu&#8217;une \u00e9quipe diversifi\u00e9e apporte diff\u00e9rentes perspectives et id\u00e9es, am\u00e9liorant notre capacit\u00e9 \u00e0 offrir des exp\u00e9riences de voyage uniques. SURFIRAN s&#8217;engage \u00e0 respecter des pratiques d&#8217;embauche \u00e9quitables et travaille activement \u00e0 constituer une \u00e9quipe qui repr\u00e9sente des ant\u00e9c\u00e9dents, des cultures et des exp\u00e9riences diversifi\u00e9s. Nous examinons et rapportons r\u00e9guli\u00e8rement sur la diversit\u00e9 de notre personnel pour nous assurer que nous continuons \u00e0 refl\u00e9ter la riche diversit\u00e9 des communaut\u00e9s que nous servons et engageons.<\/p>\n<h3>Personnel et Bureau<\/h3>\n<p>Le personnel s&#8217;engage \u00e0 \u00eatre aussi respectueux de l&#8217;environnement que possible. Tout le personnel utilise les transports en commun et le gestionnaire se rend au travail \u00e0 v\u00e9lo. Tout le papier, ainsi que les canettes en aluminium et le plastique, sont recycl\u00e9s. Nos bureaux s&#8217;efforcent d&#8217;\u00eatre \u00e9cologiquement responsables en pratiquant la conservation de l&#8217;\u00e9nergie et en adh\u00e9rant \u00e0 des programmes de recyclage.<\/p>\n<p>Nos circuits en groupe comptent un maximum de 6 participants, ce qui signifie que nous avons un faible impact sur les environnements et les communaut\u00e9s que nous visitons. Nous ne perturbons pas les populations locales ni ne provoquons leur d\u00e9placement. Le nombre r\u00e9duit permet \u00e9galement de s\u00e9journer dans des h\u00f4tels uniques et familiaux qui ne peuvent b\u00e9n\u00e9ficier des visites en autocar et d&#8217;autres formes de tourisme de masse en raison de leur taille limit\u00e9e.<\/p>\n","protected":false},"excerpt":{"rendered":"<p>D\u00e9couvrez la Politique de Voyage Responsable de SURFIRAN : \u00e9thique, respect de l&#8217;environnement, soutien aux communaut\u00e9s locales et diversit\u00e9 au c\u0153ur de nos voyages.<\/p>\n","protected":false},"author":1,"featured_media":24771,"parent":0,"menu_order":0,"comment_status":"closed","ping_status":"closed","template":"","meta":{"footnotes":""},"class_list":["post-24772","page","type-page","status-publish","has-post-thumbnail","hentry"],"_links":{"self":[{"href":"https:\/\/surfiran.com\/fr\/wp-json\/wp\/v2\/pages\/24772","targetHints":{"allow":["GET"]}}],"collection":[{"href":"https:\/\/surfiran.com\/fr\/wp-json\/wp\/v2\/pages"}],"about":[{"href":"https:\/\/surfiran.com\/fr\/wp-json\/wp\/v2\/types\/page"}],"author":[{"embeddable":true,"href":"https:\/\/surfiran.com\/fr\/wp-json\/wp\/v2\/users\/1"}],"replies":[{"embeddable":true,"href":"https:\/\/surfiran.com\/fr\/wp-json\/wp\/v2\/comments?post=24772"}],"version-history":[{"count":0,"href":"https:\/\/surfiran.com\/fr\/wp-json\/wp\/v2\/pages\/24772\/revisions"}],"wp:featuredmedia":[{"embeddable":true,"href":"https:\/\/surfiran.com\/fr\/wp-json\/wp\/v2\/media\/24771"}],"wp:attachment":[{"href":"https:\/\/surfiran.com\/fr\/wp-json\/wp\/v2\/media?parent=24772"}],"curies":[{"name":"wp","href":"https:\/\/api.w.org\/{rel}","templated":true}]}}